{"id":393,"date":"2023-05-05T13:27:00","date_gmt":"2023-05-05T13:27:00","guid":{"rendered":"https:\/\/kiosk.pionirdoo.rs\/?page_id=393"},"modified":"2023-06-06T10:18:56","modified_gmt":"2023-06-06T10:18:56","slug":"rules-gallery","status":"publish","type":"page","link":"https:\/\/kiosk.pionirdoo.rs\/?page_id=393","title":{"rendered":"Rules Gallery"},"content":{"rendered":"\t\t<div data-elementor-type=\"wp-page\" data-elementor-id=\"393\" class=\"elementor elementor-393\">\n\t\t\t\t\t\t\t\t\t<section class=\"elementor-section elementor-top-section elementor-element elementor-element-877d502 elementor-section-boxed elementor-section-height-default elementor-section-height-default\" data-id=\"877d502\" data-element_type=\"section\">\n\t\t\t\t\t\t<div class=\"elementor-container elementor-column-gap-default\">\n\t\t\t\t\t<div class=\"elementor-column elementor-col-100 elementor-top-column elementor-element elementor-element-a762a76\" data-id=\"a762a76\" data-element_type=\"column\">\n\t\t\t<div class=\"elementor-widget-wrap elementor-element-populated\">\n\t\t\t\t\t\t\t\t<div class=\"elementor-element elementor-element-1fea707 elementor-widget elementor-widget-heading\" data-id=\"1fea707\" data-element_type=\"widget\" data-widget_type=\"heading.default\">\n\t\t\t\t<div class=\"elementor-widget-container\">\n\t\t\t<style>\/*! elementor - v3.14.0 - 26-06-2023 *\/\n.elementor-heading-title{padding:0;margin:0;line-height:1}.elementor-widget-heading .elementor-heading-title[class*=elementor-size-]>a{color:inherit;font-size:inherit;line-height:inherit}.elementor-widget-heading .elementor-heading-title.elementor-size-small{font-size:15px}.elementor-widget-heading .elementor-heading-title.elementor-size-medium{font-size:19px}.elementor-widget-heading .elementor-heading-title.elementor-size-large{font-size:29px}.elementor-widget-heading .elementor-heading-title.elementor-size-xl{font-size:39px}.elementor-widget-heading .elementor-heading-title.elementor-size-xxl{font-size:59px}<\/style><h2 class=\"elementor-heading-title elementor-size-default\">Pravila<\/h2>\t\t<\/div>\n\t\t\t\t<\/div>\n\t\t\t\t\t<\/div>\n\t\t<\/div>\n\t\t\t\t\t\t\t<\/div>\n\t\t<\/section>\n\t\t\t\t<section class=\"elementor-section elementor-top-section elementor-element elementor-element-6c161e6 elementor-section-boxed elementor-section-height-default elementor-section-height-default\" data-id=\"6c161e6\" data-element_type=\"section\">\n\t\t\t\t\t\t<div class=\"elementor-container elementor-column-gap-default\">\n\t\t\t\t\t<div class=\"elementor-column elementor-col-100 elementor-top-column elementor-element elementor-element-7576b4b\" data-id=\"7576b4b\" data-element_type=\"column\">\n\t\t\t<div class=\"elementor-widget-wrap elementor-element-populated\">\n\t\t\t\t\t\t\t\t<div class=\"elementor-element elementor-element-f5b753d tpg-wrapper-align-center title_position_default title_hover_border_default title-default img_hover_animation_default grid-hover-overlay-type-always tpg-el-box-border-enable tpg-border-bottom-disable elementor-widget elementor-widget-tpg-grid-layout\" data-id=\"f5b753d\" data-element_type=\"widget\" data-widget_type=\"tpg-grid-layout.default\">\n\t\t\t\t<div class=\"elementor-widget-container\">\n\t\t\t        <div class=\"rt-container-fluid rt-tpg-container tpg-el-main-wrapper clearfix grid-layout1-main \"\r\n             id=\"rt-tpg-container-3472967658\"\r\n             data-layout=\"grid-layout1\"\r\n             data-grid-style=\"tpg-full-height\"\r\n             data-sc-id=\"elementor\"\r\n             data-el-settings=''\r\n             data-el-query=''\r\n             data-el-path=''\r\n        >\r\n\r\n\t\t\t<div class='tpg-header-wrapper '><\/div>\r\n            <div data-title=\"Loading ...\" class=\"rt-row rt-content-loader grid-layout1 grid-behaviour tpg-full-height grid_layout_wrapper\">\r\n\t\t\t\t<div class=\"rt-col-md-6 rt-col-sm-6 rt-col-xs-12 default rt-grid-item post-748 post type-post status-publish format-standard has-post-thumbnail hentry category-pdfs\"\t\tdata-id=\"748\">\r\n\t<div class=\"rt-holder tpg-post-holder\">\r\n\t\t<div class=\"rt-detail rt-el-content-wrapper\">\r\n\t\t\t\t\t\t\t<div class=\"rt-img-holder tpg-el-image-wrap has-thumbnail\">\r\n\t\t\t\t\t<a data-id=\"748\" href=\"https:\/\/kiosk.pionirdoo.rs\/?p=748\" class=\"tpg-post-link\" target=\"_self\">                        <img loading=\"lazy\" decoding=\"async\" src=\"https:\/\/kiosk.pionirdoo.rs\/wp-content\/uploads\/2023\/05\/PDFCover.png\"\r\n                             class=\"rt-img-responsive\"\r\n                             width=\"843\"\r\n                             height=\"596\"\r\n                             alt=\"Ku\u0107ni Red\">\r\n\t\t\t\t\t\t\r\n\t\t\t\t\t\t\t\r\n\t\t<\/a>\r\n\t\t        <div class=\"overlay grid-hover-content\"><\/div>\r\n\t\t\t\t\t\t<\/div>\r\n\t\t\t\r\n\t\t\t<div class=\"entry-title-wrapper\"><h1 class=\"entry-title\"><a data-id=\"748\" href=\"https:\/\/kiosk.pionirdoo.rs\/?p=748\" class=\"tpg-post-link\" target=\"_self\">Ku\u0107ni Red<\/a><\/h1><\/div>\r\n\t\t\t\r\n\r\n\t\t\t\r\n\t\t\t\t\t<\/div>\r\n\t<\/div>\r\n<\/div>\r\n<div class=\"rt-col-md-6 rt-col-sm-6 rt-col-xs-12 default rt-grid-item post-440 post type-post status-publish format-standard has-post-thumbnail hentry category-pdfs\"\t\tdata-id=\"440\">\r\n\t<div class=\"rt-holder tpg-post-holder\">\r\n\t\t<div class=\"rt-detail rt-el-content-wrapper\">\r\n\t\t\t\t\t\t\t<div class=\"rt-img-holder tpg-el-image-wrap has-thumbnail\">\r\n\t\t\t\t\t<a data-id=\"440\" href=\"https:\/\/kiosk.pionirdoo.rs\/?p=440\" class=\"tpg-post-link\" target=\"_self\">                        <img loading=\"lazy\" decoding=\"async\" src=\"https:\/\/kiosk.pionirdoo.rs\/wp-content\/uploads\/2023\/05\/PDFCover.png\"\r\n                             class=\"rt-img-responsive\"\r\n                             width=\"843\"\r\n                             height=\"596\"\r\n                             alt=\"Pravila o prire\u0111ivanju posebnih igara na sre\u0107u preko sredstava elektronske komunikacije\">\r\n\t\t\t\t\t\t\r\n\t\t\t\t\t\t\t\r\n\t\t<\/a>\r\n\t\t        <div class=\"overlay grid-hover-content\"><\/div>\r\n\t\t\t\t\t\t<\/div>\r\n\t\t\t\r\n\t\t\t<div class=\"entry-title-wrapper\"><h1 class=\"entry-title\"><a data-id=\"440\" href=\"https:\/\/kiosk.pionirdoo.rs\/?p=440\" class=\"tpg-post-link\" target=\"_self\">Pravila o prire\u0111ivanju posebnih igara na sre\u0107u preko sredstava elektronske komunikacije<\/a><\/h1><\/div>\r\n\t\t\t\r\n\r\n\t\t\t\r\n\t\t\t\t\t<\/div>\r\n\t<\/div>\r\n<\/div>\r\n<div class=\"rt-col-md-6 rt-col-sm-6 rt-col-xs-12 default rt-grid-item post-424 post type-post status-publish format-standard has-post-thumbnail hentry category-pdfs\"\t\tdata-id=\"424\">\r\n\t<div class=\"rt-holder tpg-post-holder\">\r\n\t\t<div class=\"rt-detail rt-el-content-wrapper\">\r\n\t\t\t\t\t\t\t<div class=\"rt-img-holder tpg-el-image-wrap has-thumbnail\">\r\n\t\t\t\t\t<a data-id=\"424\" href=\"https:\/\/kiosk.pionirdoo.rs\/?p=424\" class=\"tpg-post-link\" target=\"_self\">                        <img loading=\"lazy\" decoding=\"async\" src=\"https:\/\/kiosk.pionirdoo.rs\/wp-content\/uploads\/2023\/05\/PDFCover.png\"\r\n                             class=\"rt-img-responsive\"\r\n                             width=\"843\"\r\n                             height=\"596\"\r\n                             alt=\"Pravilnik o prire\u0111ivanju posebnih igara na sre\u0107u (Kla\u0111enje)\">\r\n\t\t\t\t\t\t\r\n\t\t\t\t\t\t\t\r\n\t\t<\/a>\r\n\t\t        <div class=\"overlay grid-hover-content\"><\/div>\r\n\t\t\t\t\t\t<\/div>\r\n\t\t\t\r\n\t\t\t<div class=\"entry-title-wrapper\"><h1 class=\"entry-title\"><a data-id=\"424\" href=\"https:\/\/kiosk.pionirdoo.rs\/?p=424\" class=\"tpg-post-link\" target=\"_self\">Pravilnik o prire\u0111ivanju posebnih igara na sre\u0107u (Kla\u0111enje)<\/a><\/h1><\/div>\r\n\t\t\t\r\n\r\n\t\t\t\r\n\t\t\t\t\t<\/div>\r\n\t<\/div>\r\n<\/div>\r\n            <\/div>\r\n\t\t\t\r\n        <\/div>\r\n\t\t\t\t<\/div>\n\t\t\t\t<\/div>\n\t\t\t\t\t<\/div>\n\t\t<\/div>\n\t\t\t\t\t\t\t<\/div>\n\t\t<\/section>\n\t\t\t\t\t\t\t<\/div>\n\t\t","protected":false},"excerpt":{"rendered":"<p>Pravila Ku\u0107ni Red Pravila o prire\u0111ivanju posebnih igara na sre\u0107u preko sredstava elektronske komunikacije Pravilnik o prire\u0111ivanju posebnih igara na sre\u0107u (Kla\u0111enje)<\/p>\n","protected":false},"author":1,"featured_media":0,"parent":0,"menu_order":0,"comment_status":"closed","ping_status":"closed","template":"","meta":{"footnotes":""},"class_list":["post-393","page","type-page","status-publish","hentry"],"rttpg_featured_image_url":null,"rttpg_author":{"display_name":"kioskpionir","author_link":"https:\/\/kiosk.pionirdoo.rs\/?author=1"},"rttpg_comment":0,"rttpg_category":"","rttpg_excerpt":"Pravila Ku\u0107ni Red Pravila o prire\u0111ivanju posebnih igara na sre\u0107u preko sredstava elektronske komunikacije Pravilnik o prire\u0111ivanju posebnih igara na sre\u0107u (Kla\u0111enje)","_links":{"self":[{"href":"https:\/\/kiosk.pionirdoo.rs\/index.php?rest_route=\/wp\/v2\/pages\/393","targetHints":{"allow":["GET"]}}],"collection":[{"href":"https:\/\/kiosk.pionirdoo.rs\/index.php?rest_route=\/wp\/v2\/pages"}],"about":[{"href":"https:\/\/kiosk.pionirdoo.rs\/index.php?rest_route=\/wp\/v2\/types\/page"}],"author":[{"embeddable":true,"href":"https:\/\/kiosk.pionirdoo.rs\/index.php?rest_route=\/wp\/v2\/users\/1"}],"replies":[{"embeddable":true,"href":"https:\/\/kiosk.pionirdoo.rs\/index.php?rest_route=%2Fwp%2Fv2%2Fcomments&post=393"}],"version-history":[{"count":25,"href":"https:\/\/kiosk.pionirdoo.rs\/index.php?rest_route=\/wp\/v2\/pages\/393\/revisions"}],"predecessor-version":[{"id":831,"href":"https:\/\/kiosk.pionirdoo.rs\/index.php?rest_route=\/wp\/v2\/pages\/393\/revisions\/831"}],"wp:attachment":[{"href":"https:\/\/kiosk.pionirdoo.rs\/index.php?rest_route=%2Fwp%2Fv2%2Fmedia&parent=393"}],"curies":[{"name":"wp","href":"https:\/\/api.w.org\/{rel}","templated":true}]}}