{"id":72,"date":"2023-04-04T08:00:01","date_gmt":"2023-04-04T08:00:01","guid":{"rendered":"https:\/\/kiosk.pionirdoo.rs\/?page_id=72"},"modified":"2023-06-06T10:47:04","modified_gmt":"2023-06-06T10:47:04","slug":"promotions-gallery","status":"publish","type":"page","link":"https:\/\/kiosk.pionirdoo.rs\/?page_id=72","title":{"rendered":"Promotions Gallery"},"content":{"rendered":"\t\t<div data-elementor-type=\"wp-page\" data-elementor-id=\"72\" class=\"elementor elementor-72\">\n\t\t\t\t\t\t\t\t\t<section class=\"elementor-section elementor-top-section elementor-element elementor-element-df85e60 elementor-section-boxed elementor-section-height-default elementor-section-height-default\" data-id=\"df85e60\" data-element_type=\"section\">\n\t\t\t\t\t\t<div class=\"elementor-container elementor-column-gap-default\">\n\t\t\t\t\t<div class=\"elementor-column elementor-col-100 elementor-top-column elementor-element elementor-element-ee8d5e1\" data-id=\"ee8d5e1\" data-element_type=\"column\">\n\t\t\t<div class=\"elementor-widget-wrap elementor-element-populated\">\n\t\t\t\t\t\t\t\t<div class=\"elementor-element elementor-element-5966ebf elementor-widget elementor-widget-heading\" data-id=\"5966ebf\" data-element_type=\"widget\" data-widget_type=\"heading.default\">\n\t\t\t\t<div class=\"elementor-widget-container\">\n\t\t\t<style>\/*! elementor - v3.14.0 - 26-06-2023 *\/\n.elementor-heading-title{padding:0;margin:0;line-height:1}.elementor-widget-heading .elementor-heading-title[class*=elementor-size-]>a{color:inherit;font-size:inherit;line-height:inherit}.elementor-widget-heading .elementor-heading-title.elementor-size-small{font-size:15px}.elementor-widget-heading .elementor-heading-title.elementor-size-medium{font-size:19px}.elementor-widget-heading .elementor-heading-title.elementor-size-large{font-size:29px}.elementor-widget-heading .elementor-heading-title.elementor-size-xl{font-size:39px}.elementor-widget-heading .elementor-heading-title.elementor-size-xxl{font-size:59px}<\/style><h2 class=\"elementor-heading-title elementor-size-default\">Promocije<\/h2>\t\t<\/div>\n\t\t\t\t<\/div>\n\t\t\t\t\t<\/div>\n\t\t<\/div>\n\t\t\t\t\t\t\t<\/div>\n\t\t<\/section>\n\t\t\t\t<section class=\"elementor-section elementor-top-section elementor-element elementor-element-ac4ceaf elementor-section-boxed elementor-section-height-default elementor-section-height-default\" data-id=\"ac4ceaf\" data-element_type=\"section\">\n\t\t\t\t\t\t<div class=\"elementor-container elementor-column-gap-default\">\n\t\t\t\t\t<div class=\"elementor-column elementor-col-100 elementor-top-column elementor-element elementor-element-0c0b992\" data-id=\"0c0b992\" data-element_type=\"column\">\n\t\t\t<div class=\"elementor-widget-wrap elementor-element-populated\">\n\t\t\t\t\t\t\t\t<div class=\"elementor-element elementor-element-f853b7a tpg-wrapper-align-center title_position_default title_hover_border_default title-default img_hover_animation_default grid-hover-overlay-type-always tpg-el-box-border-enable tpg-border-bottom-disable elementor-widget elementor-widget-tpg-grid-layout\" data-id=\"f853b7a\" data-element_type=\"widget\" data-widget_type=\"tpg-grid-layout.default\">\n\t\t\t\t<div class=\"elementor-widget-container\">\n\t\t\t        <div class=\"rt-container-fluid rt-tpg-container tpg-el-main-wrapper clearfix grid-layout1-main \"\r\n             id=\"rt-tpg-container-2787547735\"\r\n             data-layout=\"grid-layout1\"\r\n             data-grid-style=\"tpg-full-height\"\r\n             data-sc-id=\"elementor\"\r\n             data-el-settings=''\r\n             data-el-query=''\r\n             data-el-path=''\r\n        >\r\n\r\n\t\t\t<div class='tpg-header-wrapper '><\/div>\r\n            <div data-title=\"Loading ...\" class=\"rt-row rt-content-loader grid-layout1 grid-behaviour tpg-full-height grid_layout_wrapper\">\r\n\t\t\t\t<div class=\"rt-col-md-6 rt-col-sm-6 rt-col-xs-12 default rt-grid-item post-920 post type-post status-publish format-standard has-post-thumbnail hentry category-active-promotions\"\t\tdata-id=\"920\">\r\n\t<div class=\"rt-holder tpg-post-holder\">\r\n\t\t<div class=\"rt-detail rt-el-content-wrapper\">\r\n\t\t\t\t\t\t\t<div class=\"rt-img-holder tpg-el-image-wrap has-thumbnail\">\r\n\t\t\t\t\t<a data-id=\"920\" href=\"https:\/\/kiosk.pionirdoo.rs\/?p=920\" class=\"tpg-post-link\" target=\"_self\">                        <img loading=\"lazy\" decoding=\"async\" src=\"https:\/\/kiosk.pionirdoo.rs\/wp-content\/uploads\/2023\/06\/Prenosi-uzivo_1914x324.png\"\r\n                             class=\"rt-img-responsive\"\r\n                             width=\"1914\"\r\n                             height=\"324\"\r\n                             alt=\"Prenosi u\u017eivo na Xtip nalogu\">\r\n\t\t\t\t\t\t\r\n\t\t\t\t\t\t\t\r\n\t\t<\/a>\r\n\t\t        <div class=\"overlay grid-hover-content\"><\/div>\r\n\t\t\t\t\t\t<\/div>\r\n\t\t\t\r\n\t\t\t<div class=\"entry-title-wrapper\"><h1 class=\"entry-title\"><a data-id=\"920\" href=\"https:\/\/kiosk.pionirdoo.rs\/?p=920\" class=\"tpg-post-link\" target=\"_self\">Prenosi u\u017eivo na Xtip nalogu<\/a><\/h1><\/div>\r\n\t\t\t\r\n\r\n\t\t\t\r\n\t\t\t\t\t<\/div>\r\n\t<\/div>\r\n<\/div>\r\n<div class=\"rt-col-md-6 rt-col-sm-6 rt-col-xs-12 default rt-grid-item post-914 post type-post status-publish format-standard has-post-thumbnail hentry category-active-promotions\"\t\tdata-id=\"914\">\r\n\t<div class=\"rt-holder tpg-post-holder\">\r\n\t\t<div class=\"rt-detail rt-el-content-wrapper\">\r\n\t\t\t\t\t\t\t<div class=\"rt-img-holder tpg-el-image-wrap has-thumbnail\">\r\n\t\t\t\t\t<a data-id=\"914\" href=\"https:\/\/kiosk.pionirdoo.rs\/?p=914\" class=\"tpg-post-link\" target=\"_self\">                        <img loading=\"lazy\" decoding=\"async\" src=\"https:\/\/kiosk.pionirdoo.rs\/wp-content\/uploads\/2023\/06\/JP-UBRZANJE-1914x324-1.jpg\"\r\n                             class=\"rt-img-responsive\"\r\n                             width=\"1914\"\r\n                             height=\"324\"\r\n                             alt=\"Jackpot ubrzanje\">\r\n\t\t\t\t\t\t\r\n\t\t\t\t\t\t\t\r\n\t\t<\/a>\r\n\t\t        <div class=\"overlay grid-hover-content\"><\/div>\r\n\t\t\t\t\t\t<\/div>\r\n\t\t\t\r\n\t\t\t<div class=\"entry-title-wrapper\"><h1 class=\"entry-title\"><a data-id=\"914\" href=\"https:\/\/kiosk.pionirdoo.rs\/?p=914\" class=\"tpg-post-link\" target=\"_self\">Jackpot ubrzanje<\/a><\/h1><\/div>\r\n\t\t\t\r\n\r\n\t\t\t\r\n\t\t\t\t\t<\/div>\r\n\t<\/div>\r\n<\/div>\r\n<div class=\"rt-col-md-6 rt-col-sm-6 rt-col-xs-12 default rt-grid-item post-904 post type-post status-publish format-standard has-post-thumbnail hentry category-active-promotions\"\t\tdata-id=\"904\">\r\n\t<div class=\"rt-holder tpg-post-holder\">\r\n\t\t<div class=\"rt-detail rt-el-content-wrapper\">\r\n\t\t\t\t\t\t\t<div class=\"rt-img-holder tpg-el-image-wrap has-thumbnail\">\r\n\t\t\t\t\t<a data-id=\"904\" href=\"https:\/\/kiosk.pionirdoo.rs\/?p=904\" class=\"tpg-post-link\" target=\"_self\">                        <img loading=\"lazy\" decoding=\"async\" src=\"https:\/\/kiosk.pionirdoo.rs\/wp-content\/uploads\/2023\/06\/Merkur-Xtip-Kisobran-1914x324px-Banner-za-nas-sajt.jpg\"\r\n                             class=\"rt-img-responsive\"\r\n                             width=\"1914\"\r\n                             height=\"324\"\r\n                             alt=\"Grmljavina zabave i pljusak d\u017eekpotova\">\r\n\t\t\t\t\t\t\r\n\t\t\t\t\t\t\t\r\n\t\t<\/a>\r\n\t\t        <div class=\"overlay grid-hover-content\"><\/div>\r\n\t\t\t\t\t\t<\/div>\r\n\t\t\t\r\n\t\t\t<div class=\"entry-title-wrapper\"><h1 class=\"entry-title\"><a data-id=\"904\" href=\"https:\/\/kiosk.pionirdoo.rs\/?p=904\" class=\"tpg-post-link\" target=\"_self\">Grmljavina zabave i pljusak d\u017eekpotova<\/a><\/h1><\/div>\r\n\t\t\t\r\n\r\n\t\t\t\r\n\t\t\t\t\t<\/div>\r\n\t<\/div>\r\n<\/div>\r\n<div class=\"rt-col-md-6 rt-col-sm-6 rt-col-xs-12 default rt-grid-item post-895 post type-post status-publish format-standard has-post-thumbnail hentry category-active-promotions\"\t\tdata-id=\"895\">\r\n\t<div class=\"rt-holder tpg-post-holder\">\r\n\t\t<div class=\"rt-detail rt-el-content-wrapper\">\r\n\t\t\t\t\t\t\t<div class=\"rt-img-holder tpg-el-image-wrap has-thumbnail\">\r\n\t\t\t\t\t<a data-id=\"895\" href=\"https:\/\/kiosk.pionirdoo.rs\/?p=895\" class=\"tpg-post-link\" target=\"_self\">                        <img loading=\"lazy\" decoding=\"async\" src=\"https:\/\/kiosk.pionirdoo.rs\/wp-content\/uploads\/2023\/06\/Par-vise-resi-1914x324-1.jpg\"\r\n                             class=\"rt-img-responsive\"\r\n                             width=\"1914\"\r\n                             height=\"324\"\r\n                             alt=\"Par vi\u0161e re\u0161i i milion ti se sme\u0161i\">\r\n\t\t\t\t\t\t\r\n\t\t\t\t\t\t\t\r\n\t\t<\/a>\r\n\t\t        <div class=\"overlay grid-hover-content\"><\/div>\r\n\t\t\t\t\t\t<\/div>\r\n\t\t\t\r\n\t\t\t<div class=\"entry-title-wrapper\"><h1 class=\"entry-title\"><a data-id=\"895\" href=\"https:\/\/kiosk.pionirdoo.rs\/?p=895\" class=\"tpg-post-link\" target=\"_self\">Par vi\u0161e re\u0161i i milion ti se sme\u0161i<\/a><\/h1><\/div>\r\n\t\t\t\r\n\r\n\t\t\t\r\n\t\t\t\t\t<\/div>\r\n\t<\/div>\r\n<\/div>\r\n<div class=\"rt-col-md-6 rt-col-sm-6 rt-col-xs-12 default rt-grid-item post-807 post type-post status-publish format-standard has-post-thumbnail hentry category-active-promotions\"\t\tdata-id=\"807\">\r\n\t<div class=\"rt-holder tpg-post-holder\">\r\n\t\t<div class=\"rt-detail rt-el-content-wrapper\">\r\n\t\t\t\t\t\t\t<div class=\"rt-img-holder tpg-el-image-wrap has-thumbnail\">\r\n\t\t\t\t\t<a data-id=\"807\" href=\"https:\/\/kiosk.pionirdoo.rs\/?p=807\" class=\"tpg-post-link\" target=\"_self\">                        <img loading=\"lazy\" decoding=\"async\" src=\"https:\/\/kiosk.pionirdoo.rs\/wp-content\/uploads\/2023\/06\/esport.png\"\r\n                             class=\"rt-img-responsive\"\r\n                             width=\"1914\"\r\n                             height=\"324\"\r\n                             alt=\"Uklju\u010di se u svet gejmera\">\r\n\t\t\t\t\t\t\r\n\t\t\t\t\t\t\t\r\n\t\t<\/a>\r\n\t\t        <div class=\"overlay grid-hover-content\"><\/div>\r\n\t\t\t\t\t\t<\/div>\r\n\t\t\t\r\n\t\t\t<div class=\"entry-title-wrapper\"><h1 class=\"entry-title\"><a data-id=\"807\" href=\"https:\/\/kiosk.pionirdoo.rs\/?p=807\" class=\"tpg-post-link\" target=\"_self\">Uklju\u010di se u svet gejmera<\/a><\/h1><\/div>\r\n\t\t\t\r\n\r\n\t\t\t\r\n\t\t\t\t\t<\/div>\r\n\t<\/div>\r\n<\/div>\r\n            <\/div>\r\n\t\t\t\r\n        <\/div>\r\n\t\t\t\t<\/div>\n\t\t\t\t<\/div>\n\t\t\t\t\t<\/div>\n\t\t<\/div>\n\t\t\t\t\t\t\t<\/div>\n\t\t<\/section>\n\t\t\t\t\t\t\t<\/div>\n\t\t","protected":false},"excerpt":{"rendered":"<p>Promocije HTML post test 2 Grmljavina zabave i pljusak d\u017eekpotova I kad te ne\u0107e, to\u010dak sre\u0107e se okre\u0107e Saberi ekipu i zaradi! Cach out &#8211; Prati svoj ose\u0107aj<\/p>\n","protected":false},"author":1,"featured_media":0,"parent":0,"menu_order":0,"comment_status":"closed","ping_status":"closed","template":"","meta":{"footnotes":""},"class_list":["post-72","page","type-page","status-publish","hentry"],"rttpg_featured_image_url":null,"rttpg_author":{"display_name":"kioskpionir","author_link":"https:\/\/kiosk.pionirdoo.rs\/?author=1"},"rttpg_comment":0,"rttpg_category":"","rttpg_excerpt":"Promocije HTML post test 2 Grmljavina zabave i pljusak d\u017eekpotova I kad te ne\u0107e, to\u010dak sre\u0107e se okre\u0107e Saberi ekipu i zaradi! Cach out &#8211; Prati svoj ose\u0107aj","_links":{"self":[{"href":"https:\/\/kiosk.pionirdoo.rs\/index.php?rest_route=\/wp\/v2\/pages\/72","targetHints":{"allow":["GET"]}}],"collection":[{"href":"https:\/\/kiosk.pionirdoo.rs\/index.php?rest_route=\/wp\/v2\/pages"}],"about":[{"href":"https:\/\/kiosk.pionirdoo.rs\/index.php?rest_route=\/wp\/v2\/types\/page"}],"author":[{"embeddable":true,"href":"https:\/\/kiosk.pionirdoo.rs\/index.php?rest_route=\/wp\/v2\/users\/1"}],"replies":[{"embeddable":true,"href":"https:\/\/kiosk.pionirdoo.rs\/index.php?rest_route=%2Fwp%2Fv2%2Fcomments&post=72"}],"version-history":[{"count":83,"href":"https:\/\/kiosk.pionirdoo.rs\/index.php?rest_route=\/wp\/v2\/pages\/72\/revisions"}],"predecessor-version":[{"id":882,"href":"https:\/\/kiosk.pionirdoo.rs\/index.php?rest_route=\/wp\/v2\/pages\/72\/revisions\/882"}],"wp:attachment":[{"href":"https:\/\/kiosk.pionirdoo.rs\/index.php?rest_route=%2Fwp%2Fv2%2Fmedia&parent=72"}],"curies":[{"name":"wp","href":"https:\/\/api.w.org\/{rel}","templated":true}]}}